{"id":3414,"date":"2023-08-27T19:38:06","date_gmt":"2023-08-27T19:38:06","guid":{"rendered":"http:\/\/zsolnayorokbe.hu\/?page_id=3414"},"modified":"2023-09-01T18:40:48","modified_gmt":"2023-09-01T18:40:48","slug":"adopting-further-artworks","status":"publish","type":"page","link":"https:\/\/zsolnayorokbe.hu\/en\/adopting-further-artworks\/","title":{"rendered":"Adopting further artworks"},"content":{"rendered":"\n<style type=\"text\/css\" data-created_by=\"avia_inline_auto\" id=\"style-css-av-ozbw2-954da4dfaadda5492142feb79b9af941\">\n.avia-section.av-ozbw2-954da4dfaadda5492142feb79b9af941{\nbackground-color:#efefec;\nbackground-image:unset;\n}\n<\/style>\n<div id='av_section_1'  class='avia-section av-ozbw2-954da4dfaadda5492142feb79b9af941 main_color avia-section-small avia-no-shadow  avia-builder-el-0  el_before_av_section  avia-builder-el-first  avia-bg-style-scroll av-minimum-height av-minimum-height-custom  container_wrap fullsize'   data-av_minimum_height_px='200'><div class='container av-section-cont-open' style='height:200px'><main  role=\"main\" itemprop=\"mainContentOfPage\"  class='template-page content  av-content-full alpha units'><div class='post-entry post-entry-type-page post-entry-3414'><div class='entry-content-wrapper clearfix'>\n<div class='flex_column av-kwm96-a950e34e6a433b9ad70725d01aa134f7 av_two_third  avia-builder-el-1  el_before_av_one_third  avia-builder-el-first  first flex_column_div '     ><p>\n<style type=\"text\/css\" data-created_by=\"avia_inline_auto\" id=\"style-css-av-lighara6-76f8037a763c465bc8aab0642ed00503\">\n#top .av-special-heading.av-lighara6-76f8037a763c465bc8aab0642ed00503{\npadding-bottom:10px;\n}\nbody .av-special-heading.av-lighara6-76f8037a763c465bc8aab0642ed00503 .av-special-heading-tag .heading-char{\nfont-size:25px;\n}\n.av-special-heading.av-lighara6-76f8037a763c465bc8aab0642ed00503 .av-subheading{\nfont-size:15px;\n}\n<\/style>\n<div  class='av-special-heading av-lighara6-76f8037a763c465bc8aab0642ed00503 av-special-heading-h1 blockquote modern-quote  avia-builder-el-2  el_before_av_textblock  avia-builder-el-first '><h1 class='av-special-heading-tag'  itemprop=\"headline\"  >Adopting further artworks<\/h1><div class=\"special-heading-border\"><div class=\"special-heading-inner-border\"><\/div><\/div><\/div><br \/>\n<section  class='av_textblock_section av-fuove-600f5bad4501ee9e0dc05ebe7d4b07f0'  itemscope=\"itemscope\" itemtype=\"https:\/\/schema.org\/CreativeWork\" ><div class='avia_textblock'  itemprop=\"text\" ><p><span data-is-focusable=\"true\">We<\/span> <span data-is-focusable=\"true\">also provide<\/span> <span data-is-focusable=\"true\">you<\/span> <span data-is-focusable=\"true\">with<\/span> the <span data-is-focusable=\"true\">opportunity<\/span> to <span data-is-focusable=\"true\">choose<\/span> <span data-is-focusable=\"true\">from<\/span> the <span data-is-focusable=\"true\">other<\/span> <span data-is-focusable=\"true\">works<\/span> <span data-is-focusable=\"true\">of<\/span> <span data-is-focusable=\"true\">the<\/span> <span data-is-focusable=\"true\">exhibition<\/span> <span data-is-focusable=\"true\">not<\/span> <span data-is-focusable=\"true\">listed<\/span> <span data-is-focusable=\"true\">above<\/span> <span data-is-focusable=\"true\">to<\/span> <span data-is-focusable=\"true\">own<\/span> <span data-is-focusable=\"true\">virtually<\/span> for <span data-is-focusable=\"true\">a<\/span> <span data-is-focusable=\"true\">while<\/span>.<\/p>\n<\/div><\/section><\/p><\/div><div class='flex_column av-6vrve-c11f142db02a74ab4acc645ff4c1814e av_one_third  avia-builder-el-4  el_after_av_two_third  avia-builder-el-last  flex_column_div '     ><\/div><\/div><\/div><\/main><!-- close content main element --><\/div><\/div><div id='av_section_2'  class='avia-section av-145nae-703603f36cc9654e5da6b80671baa35c main_color avia-section-small avia-no-shadow  avia-builder-el-5  el_after_av_section  el_before_av_section  avia-bg-style-scroll container_wrap fullsize'  ><div class='container av-section-cont-open' ><div class='template-page content  av-content-full alpha units'><div class='post-entry post-entry-type-page post-entry-3414'><div class='entry-content-wrapper clearfix'>\n\n<style type=\"text\/css\" data-created_by=\"avia_inline_auto\" id=\"style-css-av-1o2xe-a8a266ecf6488705a7c08f5f61c459c8\">\n.flex_column.av-1o2xe-a8a266ecf6488705a7c08f5f61c459c8{\n-webkit-border-radius:0px 0px 0px 0px;\n-moz-border-radius:0px 0px 0px 0px;\nborder-radius:0px 0px 0px 0px;\npadding:0px 0px 0px 0px;\n}\n<\/style>\n<div class='flex_column av-1o2xe-a8a266ecf6488705a7c08f5f61c459c8 av_two_third  avia-builder-el-6  el_before_av_one_third  avia-builder-el-first  first flex_column_div av-animated-generic bottom-to-top av-zero-column-padding '     ><\/div>\n<style type=\"text\/css\" data-created_by=\"avia_inline_auto\" id=\"style-css-av-be6bm-5e3749ccd93530808230103adddfaf5a\">\n.flex_column.av-be6bm-5e3749ccd93530808230103adddfaf5a{\n-webkit-border-radius:0px 0px 0px 0px;\n-moz-border-radius:0px 0px 0px 0px;\nborder-radius:0px 0px 0px 0px;\npadding:-200px 0 0 0;\n}\n<\/style>\n<div class='flex_column av-be6bm-5e3749ccd93530808230103adddfaf5a av_one_third  avia-builder-el-7  el_after_av_two_third  avia-builder-el-last  flex_column_div av-animated-generic bottom-to-top '     ><style type=\"text\/css\" data-created_by=\"avia_inline_auto\" id=\"style-css-av-lighcjk3-23873896c3bf4b30c8b7957617b79c76\">\n.avia-image-container.av-lighcjk3-23873896c3bf4b30c8b7957617b79c76{\nposition:absolute;\ntop:-210px;\nright:-50px;\nz-index:100;\n}\n.avia-image-container.av-lighcjk3-23873896c3bf4b30c8b7957617b79c76 img.avia_image{\nbox-shadow:none;\n}\n.avia-image-container.av-lighcjk3-23873896c3bf4b30c8b7957617b79c76 .av-image-caption-overlay-center{\ncolor:#ffffff;\n}\n<\/style>\n<div  class='avia-image-container av-lighcjk3-23873896c3bf4b30c8b7957617b79c76 av-styling- avia-align-center  avia-builder-el-8  avia-builder-el-no-sibling  av-small-hide av-mini-hide av-custom-positioned'   itemprop=\"image\" itemscope=\"itemscope\" itemtype=\"https:\/\/schema.org\/ImageObject\" ><div class=\"avia-image-container-inner\"><div class=\"avia-image-overlay-wrap\"><img decoding=\"async\" class='wp-image-1826 avia-img-lazy-loading-not-1826 avia_image ' src=\"https:\/\/zsolnayorokbe.hu\/wp-content\/uploads\/logo-reszlet-400.png\" alt='' title='logo-reszlet-400'  height=\"400\" width=\"400\"  itemprop=\"thumbnailUrl\" srcset=\"https:\/\/zsolnayorokbe.hu\/wp-content\/uploads\/logo-reszlet-400.png 400w, https:\/\/zsolnayorokbe.hu\/wp-content\/uploads\/logo-reszlet-400-300x300.png 300w, https:\/\/zsolnayorokbe.hu\/wp-content\/uploads\/logo-reszlet-400-80x80.png 80w, https:\/\/zsolnayorokbe.hu\/wp-content\/uploads\/logo-reszlet-400-36x36.png 36w, https:\/\/zsolnayorokbe.hu\/wp-content\/uploads\/logo-reszlet-400-180x180.png 180w\" sizes=\"(max-width: 400px) 100vw, 400px\" \/><\/div><\/div><\/div><\/div>\n<\/p>\n<\/div><\/div><\/div><!-- close content main div --><\/div><\/div><div id='av_section_3'  class='avia-section av-v5oiq-a0de462249ffdc1a0f92861dd199bcaf main_color avia-section-small avia-no-shadow  avia-builder-el-9  el_after_av_section  avia-builder-el-last  avia-bg-style-scroll container_wrap fullsize'  ><div class='container av-section-cont-open' ><div class='template-page content  av-content-full alpha units'><div class='post-entry post-entry-type-page post-entry-3414'><div class='entry-content-wrapper clearfix'>\n<div class='flex_column av-ag5sa-0c6499a6bc57bf79c2a853dd9630e7f9 av_four_fifth  avia-builder-el-10  el_before_av_one_fifth  avia-builder-el-first  first flex_column_div '     ><\/div><div class='flex_column av-av_one_fifth-f1c518e9ff58e869f80c8f093487abc9 av_one_fifth  avia-builder-el-12  el_after_av_four_fifth  avia-builder-el-last  flex_column_div '     ><\/div>\n\n","protected":false},"excerpt":{"rendered":"","protected":false},"author":1,"featured_media":0,"parent":0,"menu_order":0,"comment_status":"closed","ping_status":"closed","template":"","meta":{"inline_featured_image":false,"footnotes":""},"class_list":["post-3414","page","type-page","status-publish","hentry"],"yoast_head":"<!-- This site is optimized with the Yoast SEO plugin v21.0 - https:\/\/yoast.com\/wordpress\/plugins\/seo\/ -->\n<title>Adopting further artworks - Zsolnay \u00f6r\u00f6kbe<\/title>\n<meta name=\"robots\" content=\"index, follow, max-snippet:-1, max-image-preview:large, max-video-preview:-1\" \/>\n<link rel=\"canonical\" href=\"https:\/\/zsolnayorokbe.hu\/en\/adopting-further-artworks\/\" \/>\n<meta property=\"og:locale\" content=\"en_US\" \/>\n<meta property=\"og:type\" content=\"article\" \/>\n<meta property=\"og:title\" content=\"Adopting further artworks - Zsolnay \u00f6r\u00f6kbe\" \/>\n<meta property=\"og:url\" content=\"https:\/\/zsolnayorokbe.hu\/en\/adopting-further-artworks\/\" \/>\n<meta property=\"og:site_name\" content=\"Zsolnay \u00f6r\u00f6kbe\" \/>\n<meta property=\"article:publisher\" content=\"https:\/\/www.facebook.com\/zsolnaynegyed\/\" \/>\n<meta property=\"article:modified_time\" content=\"2023-09-01T18:40:48+00:00\" \/>\n<meta name=\"twitter:card\" content=\"summary_large_image\" \/>\n<meta name=\"twitter:site\" content=\"@zsolnaynegyed\" \/>\n<meta name=\"twitter:label1\" content=\"Est. reading time\" \/>\n\t<meta name=\"twitter:data1\" content=\"6 minutes\" \/>\n<script type=\"application\/ld+json\" class=\"yoast-schema-graph\">{\"@context\":\"https:\/\/schema.org\",\"@graph\":[{\"@type\":\"WebPage\",\"@id\":\"https:\/\/zsolnayorokbe.hu\/en\/adopting-further-artworks\/\",\"url\":\"https:\/\/zsolnayorokbe.hu\/en\/adopting-further-artworks\/\",\"name\":\"Adopting further artworks - Zsolnay \u00f6r\u00f6kbe\",\"isPartOf\":{\"@id\":\"http:\/\/zsolnayorokbe.hu\/en\/#website\"},\"datePublished\":\"2023-08-27T19:38:06+00:00\",\"dateModified\":\"2023-09-01T18:40:48+00:00\",\"breadcrumb\":{\"@id\":\"https:\/\/zsolnayorokbe.hu\/en\/adopting-further-artworks\/#breadcrumb\"},\"inLanguage\":\"en-US\",\"potentialAction\":[{\"@type\":\"ReadAction\",\"target\":[\"https:\/\/zsolnayorokbe.hu\/en\/adopting-further-artworks\/\"]}]},{\"@type\":\"BreadcrumbList\",\"@id\":\"https:\/\/zsolnayorokbe.hu\/en\/adopting-further-artworks\/#breadcrumb\",\"itemListElement\":[{\"@type\":\"ListItem\",\"position\":1,\"name\":\"Kezd\u0151lap\",\"item\":\"http:\/\/zsolnayorokbe.hu\/en\/\"},{\"@type\":\"ListItem\",\"position\":2,\"name\":\"Adopting further artworks\"}]},{\"@type\":\"WebSite\",\"@id\":\"http:\/\/zsolnayorokbe.hu\/en\/#website\",\"url\":\"http:\/\/zsolnayorokbe.hu\/en\/\",\"name\":\"Zsolnay \u00d6r\u00f6kbe\",\"description\":\"Fogadj \u00f6r\u00f6kbe egy Zsolnayt\",\"publisher\":{\"@id\":\"http:\/\/zsolnayorokbe.hu\/en\/#organization\"},\"potentialAction\":[{\"@type\":\"SearchAction\",\"target\":{\"@type\":\"EntryPoint\",\"urlTemplate\":\"http:\/\/zsolnayorokbe.hu\/en\/?s={search_term_string}\"},\"query-input\":\"required name=search_term_string\"}],\"inLanguage\":\"en-US\"},{\"@type\":\"Organization\",\"@id\":\"http:\/\/zsolnayorokbe.hu\/en\/#organization\",\"name\":\"Zsolnay \u00d6r\u00f6ks\u00e9gkezel\u0151 NKft.\",\"url\":\"http:\/\/zsolnayorokbe.hu\/en\/\",\"logo\":{\"@type\":\"ImageObject\",\"inLanguage\":\"en-US\",\"@id\":\"http:\/\/zsolnayorokbe.hu\/en\/#\/schema\/logo\/image\/\",\"url\":\"https:\/\/zsolnayorokbe.hu\/wp-content\/uploads\/zsokkft-szines.svg\",\"contentUrl\":\"https:\/\/zsolnayorokbe.hu\/wp-content\/uploads\/zsokkft-szines.svg\",\"width\":220,\"height\":90,\"caption\":\"Zsolnay \u00d6r\u00f6ks\u00e9gkezel\u0151 NKft.\"},\"image\":{\"@id\":\"http:\/\/zsolnayorokbe.hu\/en\/#\/schema\/logo\/image\/\"},\"sameAs\":[\"https:\/\/www.facebook.com\/zsolnaynegyed\/\",\"https:\/\/twitter.com\/zsolnaynegyed\",\"https:\/\/www.instagram.com\/zsolnay_negyed\"]}]}<\/script>\n<!-- \/ Yoast SEO plugin. -->","yoast_head_json":{"title":"Adopting further artworks - Zsolnay \u00f6r\u00f6kbe","robots":{"index":"index","follow":"follow","max-snippet":"max-snippet:-1","max-image-preview":"max-image-preview:large","max-video-preview":"max-video-preview:-1"},"canonical":"https:\/\/zsolnayorokbe.hu\/en\/adopting-further-artworks\/","og_locale":"en_US","og_type":"article","og_title":"Adopting further artworks - Zsolnay \u00f6r\u00f6kbe","og_url":"https:\/\/zsolnayorokbe.hu\/en\/adopting-further-artworks\/","og_site_name":"Zsolnay \u00f6r\u00f6kbe","article_publisher":"https:\/\/www.facebook.com\/zsolnaynegyed\/","article_modified_time":"2023-09-01T18:40:48+00:00","twitter_card":"summary_large_image","twitter_site":"@zsolnaynegyed","twitter_misc":{"Est. reading time":"6 minutes"},"schema":{"@context":"https:\/\/schema.org","@graph":[{"@type":"WebPage","@id":"https:\/\/zsolnayorokbe.hu\/en\/adopting-further-artworks\/","url":"https:\/\/zsolnayorokbe.hu\/en\/adopting-further-artworks\/","name":"Adopting further artworks - Zsolnay \u00f6r\u00f6kbe","isPartOf":{"@id":"http:\/\/zsolnayorokbe.hu\/en\/#website"},"datePublished":"2023-08-27T19:38:06+00:00","dateModified":"2023-09-01T18:40:48+00:00","breadcrumb":{"@id":"https:\/\/zsolnayorokbe.hu\/en\/adopting-further-artworks\/#breadcrumb"},"inLanguage":"en-US","potentialAction":[{"@type":"ReadAction","target":["https:\/\/zsolnayorokbe.hu\/en\/adopting-further-artworks\/"]}]},{"@type":"BreadcrumbList","@id":"https:\/\/zsolnayorokbe.hu\/en\/adopting-further-artworks\/#breadcrumb","itemListElement":[{"@type":"ListItem","position":1,"name":"Kezd\u0151lap","item":"http:\/\/zsolnayorokbe.hu\/en\/"},{"@type":"ListItem","position":2,"name":"Adopting further artworks"}]},{"@type":"WebSite","@id":"http:\/\/zsolnayorokbe.hu\/en\/#website","url":"http:\/\/zsolnayorokbe.hu\/en\/","name":"Zsolnay \u00d6r\u00f6kbe","description":"Fogadj \u00f6r\u00f6kbe egy Zsolnayt","publisher":{"@id":"http:\/\/zsolnayorokbe.hu\/en\/#organization"},"potentialAction":[{"@type":"SearchAction","target":{"@type":"EntryPoint","urlTemplate":"http:\/\/zsolnayorokbe.hu\/en\/?s={search_term_string}"},"query-input":"required name=search_term_string"}],"inLanguage":"en-US"},{"@type":"Organization","@id":"http:\/\/zsolnayorokbe.hu\/en\/#organization","name":"Zsolnay \u00d6r\u00f6ks\u00e9gkezel\u0151 NKft.","url":"http:\/\/zsolnayorokbe.hu\/en\/","logo":{"@type":"ImageObject","inLanguage":"en-US","@id":"http:\/\/zsolnayorokbe.hu\/en\/#\/schema\/logo\/image\/","url":"https:\/\/zsolnayorokbe.hu\/wp-content\/uploads\/zsokkft-szines.svg","contentUrl":"https:\/\/zsolnayorokbe.hu\/wp-content\/uploads\/zsokkft-szines.svg","width":220,"height":90,"caption":"Zsolnay \u00d6r\u00f6ks\u00e9gkezel\u0151 NKft."},"image":{"@id":"http:\/\/zsolnayorokbe.hu\/en\/#\/schema\/logo\/image\/"},"sameAs":["https:\/\/www.facebook.com\/zsolnaynegyed\/","https:\/\/twitter.com\/zsolnaynegyed","https:\/\/www.instagram.com\/zsolnay_negyed"]}]}},"_links":{"self":[{"href":"https:\/\/zsolnayorokbe.hu\/en\/wp-json\/wp\/v2\/pages\/3414","targetHints":{"allow":["GET"]}}],"collection":[{"href":"https:\/\/zsolnayorokbe.hu\/en\/wp-json\/wp\/v2\/pages"}],"about":[{"href":"https:\/\/zsolnayorokbe.hu\/en\/wp-json\/wp\/v2\/types\/page"}],"author":[{"embeddable":true,"href":"https:\/\/zsolnayorokbe.hu\/en\/wp-json\/wp\/v2\/users\/1"}],"replies":[{"embeddable":true,"href":"https:\/\/zsolnayorokbe.hu\/en\/wp-json\/wp\/v2\/comments?post=3414"}],"version-history":[{"count":3,"href":"https:\/\/zsolnayorokbe.hu\/en\/wp-json\/wp\/v2\/pages\/3414\/revisions"}],"predecessor-version":[{"id":3442,"href":"https:\/\/zsolnayorokbe.hu\/en\/wp-json\/wp\/v2\/pages\/3414\/revisions\/3442"}],"wp:attachment":[{"href":"https:\/\/zsolnayorokbe.hu\/en\/wp-json\/wp\/v2\/media?parent=3414"}],"curies":[{"name":"wp","href":"https:\/\/api.w.org\/{rel}","templated":true}]}}