{"id":2045,"date":"2023-06-13T19:26:52","date_gmt":"2023-06-13T19:26:52","guid":{"rendered":"https:\/\/zsolnayorokbe.hu\/?page_id=2045"},"modified":"2023-07-19T17:32:43","modified_gmt":"2023-07-19T17:32:43","slug":"imprint","status":"publish","type":"page","link":"https:\/\/zsolnayorokbe.hu\/en\/imprint\/","title":{"rendered":"Imprint"},"content":{"rendered":"\n<style type=\"text\/css\" data-created_by=\"avia_inline_auto\" id=\"style-css-av-ftsxgy-2497ffd4ad6a13d00742e18c0cfdc2b6\">\n.avia-section.av-ftsxgy-2497ffd4ad6a13d00742e18c0cfdc2b6{\nbackground-color:#efefec;\nbackground-image:unset;\n}\n<\/style>\n<div id='av_section_1'  class='avia-section av-ftsxgy-2497ffd4ad6a13d00742e18c0cfdc2b6 main_color avia-section-small avia-no-shadow  avia-builder-el-0  el_before_av_section  avia-builder-el-first  avia-bg-style-scroll av-minimum-height av-minimum-height-custom  container_wrap fullsize'   data-av_minimum_height_px='200'><div class='container av-section-cont-open' style='height:200px'><main  role=\"main\" itemprop=\"mainContentOfPage\"  class='template-page content  av-content-full alpha units'><div class='post-entry post-entry-type-page post-entry-2045'><div class='entry-content-wrapper clearfix'>\n<div class='flex_column av-dw4542-8a08d9531dac4f0d421e5910dafd3952 av_two_third  avia-builder-el-1  el_before_av_one_third  avia-builder-el-first  first flex_column_div '     ><style type=\"text\/css\" data-created_by=\"avia_inline_auto\" id=\"style-css-av-liuod7ut-7d069014f04950359df430de4129f81f\">\n#top .av-special-heading.av-liuod7ut-7d069014f04950359df430de4129f81f{\npadding-bottom:10px;\n}\nbody .av-special-heading.av-liuod7ut-7d069014f04950359df430de4129f81f .av-special-heading-tag .heading-char{\nfont-size:25px;\n}\n.av-special-heading.av-liuod7ut-7d069014f04950359df430de4129f81f .av-subheading{\nfont-size:15px;\n}\n<\/style>\n<div  class='av-special-heading av-liuod7ut-7d069014f04950359df430de4129f81f av-special-heading-h1 blockquote modern-quote  avia-builder-el-2  avia-builder-el-no-sibling '><h1 class='av-special-heading-tag'  itemprop=\"headline\"  >Imprint<\/h1><div class=\"special-heading-border\"><div class=\"special-heading-inner-border\"><\/div><\/div><\/div><\/div><div class='flex_column av-c278qa-4d102c385a9c3a0aad1a8beceeea285a av_one_third  avia-builder-el-3  el_after_av_two_third  avia-builder-el-last  flex_column_div '     ><\/div><\/div><\/div><\/main><!-- close content main element --><\/div><\/div><div id='av_section_2'  class='avia-section av-15k2zm-a5c10dec03857261aa39f239e1eae6a0 main_color avia-section-small avia-no-shadow  avia-builder-el-4  el_after_av_section  el_before_av_section  avia-bg-style-scroll container_wrap fullsize'  ><div class='container av-section-cont-open' ><div class='template-page content  av-content-full alpha units'><div class='post-entry post-entry-type-page post-entry-2045'><div class='entry-content-wrapper clearfix'>\n\n<style type=\"text\/css\" data-created_by=\"avia_inline_auto\" id=\"style-css-av-8y9r02-3b56a028b834718f8c5fd5168de60e50\">\n.flex_column.av-8y9r02-3b56a028b834718f8c5fd5168de60e50{\n-webkit-border-radius:0px 0px 0px 0px;\n-moz-border-radius:0px 0px 0px 0px;\nborder-radius:0px 0px 0px 0px;\npadding:0px 0px 0px 0px;\n}\n<\/style>\n<div class='flex_column av-8y9r02-3b56a028b834718f8c5fd5168de60e50 av_two_third  avia-builder-el-5  el_before_av_one_third  avia-builder-el-first  first flex_column_div av-animated-generic bottom-to-top av-zero-column-padding '     ><\/div>\n<style type=\"text\/css\" data-created_by=\"avia_inline_auto\" id=\"style-css-av-7fhnmq-3a99e75bb1c136fe03f2e2ca25f2f149\">\n.flex_column.av-7fhnmq-3a99e75bb1c136fe03f2e2ca25f2f149{\n-webkit-border-radius:0px 0px 0px 0px;\n-moz-border-radius:0px 0px 0px 0px;\nborder-radius:0px 0px 0px 0px;\npadding:-200px 0 0 0;\n}\n<\/style>\n<div class='flex_column av-7fhnmq-3a99e75bb1c136fe03f2e2ca25f2f149 av_one_third  avia-builder-el-6  el_after_av_two_third  avia-builder-el-last  flex_column_div av-animated-generic bottom-to-top '     ><style type=\"text\/css\" data-created_by=\"avia_inline_auto\" id=\"style-css-av-24rb6-f2c2802e41a213d59a7fa9930f20eeed\">\n.avia-image-container.av-24rb6-f2c2802e41a213d59a7fa9930f20eeed{\nposition:absolute;\ntop:-210px;\nright:-50px;\nz-index:100;\n}\n.avia-image-container.av-24rb6-f2c2802e41a213d59a7fa9930f20eeed img.avia_image{\nbox-shadow:none;\n}\n.avia-image-container.av-24rb6-f2c2802e41a213d59a7fa9930f20eeed .av-image-caption-overlay-center{\ncolor:#ffffff;\n}\n<\/style>\n<div  class='avia-image-container av-24rb6-f2c2802e41a213d59a7fa9930f20eeed av-styling- avia-align-center  avia-builder-el-7  avia-builder-el-no-sibling  av-small-hide av-mini-hide av-custom-positioned'   itemprop=\"image\" itemscope=\"itemscope\" itemtype=\"https:\/\/schema.org\/ImageObject\" ><div class=\"avia-image-container-inner\"><div class=\"avia-image-overlay-wrap\"><img decoding=\"async\" class='wp-image-1826 avia-img-lazy-loading-not-1826 avia_image ' src=\"https:\/\/zsolnayorokbe.hu\/wp-content\/uploads\/logo-reszlet-400.png\" alt='' title='logo-reszlet-400'  height=\"400\" width=\"400\"  itemprop=\"thumbnailUrl\" srcset=\"https:\/\/zsolnayorokbe.hu\/wp-content\/uploads\/logo-reszlet-400.png 400w, https:\/\/zsolnayorokbe.hu\/wp-content\/uploads\/logo-reszlet-400-300x300.png 300w, https:\/\/zsolnayorokbe.hu\/wp-content\/uploads\/logo-reszlet-400-80x80.png 80w, https:\/\/zsolnayorokbe.hu\/wp-content\/uploads\/logo-reszlet-400-36x36.png 36w, https:\/\/zsolnayorokbe.hu\/wp-content\/uploads\/logo-reszlet-400-180x180.png 180w\" sizes=\"(max-width: 400px) 100vw, 400px\" \/><\/div><\/div><\/div><\/div>\n<\/p>\n<\/div><\/div><\/div><!-- close content main div --><\/div><\/div><div id='av_section_3'  class='avia-section av-3r3a4i-3d13ed9819d93a00cfa5bdd28fee8e5e main_color avia-section-default avia-no-border-styling  avia-builder-el-8  el_after_av_section  avia-builder-el-last  avia-bg-style-scroll container_wrap fullsize'  ><div class='container av-section-cont-open' ><div class='template-page content  av-content-full alpha units'><div class='post-entry post-entry-type-page post-entry-2045'><div class='entry-content-wrapper clearfix'>\n<div class='flex_column av-2x1bia-55a50fbd2649ea89bd5d9977d4255c81 av_one_full  avia-builder-el-9  avia-builder-el-no-sibling  first flex_column_div '     ><section  class='av_textblock_section av-liuofby3-6d9a013e75c6a111e4a778cf3945e06b'  itemscope=\"itemscope\" itemtype=\"https:\/\/schema.org\/CreativeWork\" ><div class='avia_textblock'  itemprop=\"text\" ><p>Published by:<br \/>\n<strong>Zsolnay Heritage Management nonprofit Ltd.<\/strong><br \/>\nAddress: 37 Zsolnay Vilmos \u00fat 7630 P\u00e9cs, Hungary<br \/>\nMailing address: Pf. 27.7603 P\u00e9cs, Hungary<br \/>\nWeb: <a href=\"http:\/\/www.zsokkft.hu\">www.zsokkft.hu<\/a><\/p>\n<p><strong> M\u00e1rk Hummel<br \/>\n<\/strong>Executive director<\/p>\n<p><strong>All rights reserved!<\/strong><br \/>\n<a href=\"http:\/\/www.zsokkft.hu\/\">Zsolnay Heritage Management nonprofit Ltd.<\/a> 2011\u20132023<\/p>\n<hr \/>\n<p><strong>Image \/ graphic design \/ concept \/ webdesign:<\/strong><br \/>\nZsolt S\u00e1ndor<\/p>\n<p><strong>UI \/ UX:<\/strong><br \/>\nZsolt S\u00e1ndor \/ M\u00e1rton Juha<\/p>\n<p><strong>Specification \/ projekt coordination:<\/strong><br \/>\nM\u00e1rton Juha<\/p>\n<p><strong>Online marketing:<\/strong><br \/>\nZs\u00f3fia\u00a0 Sz\u0151cs-Kalauz<\/p>\n<p><strong>Site manager:<br \/>\n<\/strong>Be\u00e1ta Szuh\u00e1n-Glasz<\/p>\n<p><strong>Site manager:<\/strong><br \/>\nEnik\u0151 Varga<\/p>\n<p><strong>CMS \/ frontend:<\/strong><br \/>\nKriszti\u00e1n Korpa<\/p>\n<hr \/>\n<h2>Hosting Service Provider<\/h2>\n<p><strong>EUNet 2000 Kft. &#8211; P\u00e9cs<\/strong><\/p>\n<p><strong>Address<\/strong>: 72 Megyeri \u00fat 7632 P\u00e9cs, Hungary<\/p>\n<p><strong>E-mail<\/strong>: helpdesk kukac eunet2000.hu<\/p>\n<p><strong>Web<\/strong>:\u00a0<a href=\"http:\/\/eunet2000.hu\/\">http:\/\/eunet2000.hu\/<\/a><\/p>\n<\/div><\/section><\/div>\n","protected":false},"excerpt":{"rendered":"","protected":false},"author":1,"featured_media":0,"parent":0,"menu_order":0,"comment_status":"closed","ping_status":"closed","template":"","meta":{"inline_featured_image":false,"footnotes":""},"class_list":["post-2045","page","type-page","status-publish","hentry"],"yoast_head":"<!-- This site is optimized with the Yoast SEO plugin v21.0 - https:\/\/yoast.com\/wordpress\/plugins\/seo\/ -->\n<title>Imprint - Zsolnay \u00f6r\u00f6kbe<\/title>\n<meta name=\"robots\" content=\"index, follow, max-snippet:-1, max-image-preview:large, max-video-preview:-1\" \/>\n<link rel=\"canonical\" href=\"https:\/\/zsolnayorokbe.hu\/en\/imprint\/\" \/>\n<meta property=\"og:locale\" content=\"en_US\" \/>\n<meta property=\"og:type\" content=\"article\" \/>\n<meta property=\"og:title\" content=\"Imprint - Zsolnay \u00f6r\u00f6kbe\" \/>\n<meta property=\"og:url\" content=\"https:\/\/zsolnayorokbe.hu\/en\/imprint\/\" \/>\n<meta property=\"og:site_name\" content=\"Zsolnay \u00f6r\u00f6kbe\" \/>\n<meta property=\"article:publisher\" content=\"https:\/\/www.facebook.com\/zsolnaynegyed\/\" \/>\n<meta property=\"article:modified_time\" content=\"2023-07-19T17:32:43+00:00\" \/>\n<meta name=\"twitter:card\" content=\"summary_large_image\" \/>\n<meta name=\"twitter:site\" content=\"@zsolnaynegyed\" \/>\n<meta name=\"twitter:label1\" content=\"Est. reading time\" \/>\n\t<meta name=\"twitter:data1\" content=\"17 minutes\" \/>\n<script type=\"application\/ld+json\" class=\"yoast-schema-graph\">{\"@context\":\"https:\/\/schema.org\",\"@graph\":[{\"@type\":\"WebPage\",\"@id\":\"https:\/\/zsolnayorokbe.hu\/en\/imprint\/\",\"url\":\"https:\/\/zsolnayorokbe.hu\/en\/imprint\/\",\"name\":\"Imprint - Zsolnay \u00f6r\u00f6kbe\",\"isPartOf\":{\"@id\":\"https:\/\/zsolnayorokbe.hu\/en\/#website\"},\"datePublished\":\"2023-06-13T19:26:52+00:00\",\"dateModified\":\"2023-07-19T17:32:43+00:00\",\"breadcrumb\":{\"@id\":\"https:\/\/zsolnayorokbe.hu\/en\/imprint\/#breadcrumb\"},\"inLanguage\":\"en-US\",\"potentialAction\":[{\"@type\":\"ReadAction\",\"target\":[\"https:\/\/zsolnayorokbe.hu\/en\/imprint\/\"]}]},{\"@type\":\"BreadcrumbList\",\"@id\":\"https:\/\/zsolnayorokbe.hu\/en\/imprint\/#breadcrumb\",\"itemListElement\":[{\"@type\":\"ListItem\",\"position\":1,\"name\":\"Kezd\u0151lap\",\"item\":\"https:\/\/zsolnayorokbe.hu\/en\/\"},{\"@type\":\"ListItem\",\"position\":2,\"name\":\"Imprint\"}]},{\"@type\":\"WebSite\",\"@id\":\"https:\/\/zsolnayorokbe.hu\/en\/#website\",\"url\":\"https:\/\/zsolnayorokbe.hu\/en\/\",\"name\":\"Zsolnay \u00d6r\u00f6kbe\",\"description\":\"Fogadj \u00f6r\u00f6kbe egy Zsolnayt\",\"publisher\":{\"@id\":\"https:\/\/zsolnayorokbe.hu\/en\/#organization\"},\"potentialAction\":[{\"@type\":\"SearchAction\",\"target\":{\"@type\":\"EntryPoint\",\"urlTemplate\":\"https:\/\/zsolnayorokbe.hu\/en\/?s={search_term_string}\"},\"query-input\":\"required name=search_term_string\"}],\"inLanguage\":\"en-US\"},{\"@type\":\"Organization\",\"@id\":\"https:\/\/zsolnayorokbe.hu\/en\/#organization\",\"name\":\"Zsolnay \u00d6r\u00f6ks\u00e9gkezel\u0151 NKft.\",\"url\":\"https:\/\/zsolnayorokbe.hu\/en\/\",\"logo\":{\"@type\":\"ImageObject\",\"inLanguage\":\"en-US\",\"@id\":\"https:\/\/zsolnayorokbe.hu\/en\/#\/schema\/logo\/image\/\",\"url\":\"https:\/\/zsolnayorokbe.hu\/wp-content\/uploads\/zsokkft-szines.svg\",\"contentUrl\":\"https:\/\/zsolnayorokbe.hu\/wp-content\/uploads\/zsokkft-szines.svg\",\"width\":220,\"height\":90,\"caption\":\"Zsolnay \u00d6r\u00f6ks\u00e9gkezel\u0151 NKft.\"},\"image\":{\"@id\":\"https:\/\/zsolnayorokbe.hu\/en\/#\/schema\/logo\/image\/\"},\"sameAs\":[\"https:\/\/www.facebook.com\/zsolnaynegyed\/\",\"https:\/\/twitter.com\/zsolnaynegyed\",\"https:\/\/www.instagram.com\/zsolnay_negyed\"]}]}<\/script>\n<!-- \/ Yoast SEO plugin. -->","yoast_head_json":{"title":"Imprint - Zsolnay \u00f6r\u00f6kbe","robots":{"index":"index","follow":"follow","max-snippet":"max-snippet:-1","max-image-preview":"max-image-preview:large","max-video-preview":"max-video-preview:-1"},"canonical":"https:\/\/zsolnayorokbe.hu\/en\/imprint\/","og_locale":"en_US","og_type":"article","og_title":"Imprint - Zsolnay \u00f6r\u00f6kbe","og_url":"https:\/\/zsolnayorokbe.hu\/en\/imprint\/","og_site_name":"Zsolnay \u00f6r\u00f6kbe","article_publisher":"https:\/\/www.facebook.com\/zsolnaynegyed\/","article_modified_time":"2023-07-19T17:32:43+00:00","twitter_card":"summary_large_image","twitter_site":"@zsolnaynegyed","twitter_misc":{"Est. reading time":"17 minutes"},"schema":{"@context":"https:\/\/schema.org","@graph":[{"@type":"WebPage","@id":"https:\/\/zsolnayorokbe.hu\/en\/imprint\/","url":"https:\/\/zsolnayorokbe.hu\/en\/imprint\/","name":"Imprint - Zsolnay \u00f6r\u00f6kbe","isPartOf":{"@id":"https:\/\/zsolnayorokbe.hu\/en\/#website"},"datePublished":"2023-06-13T19:26:52+00:00","dateModified":"2023-07-19T17:32:43+00:00","breadcrumb":{"@id":"https:\/\/zsolnayorokbe.hu\/en\/imprint\/#breadcrumb"},"inLanguage":"en-US","potentialAction":[{"@type":"ReadAction","target":["https:\/\/zsolnayorokbe.hu\/en\/imprint\/"]}]},{"@type":"BreadcrumbList","@id":"https:\/\/zsolnayorokbe.hu\/en\/imprint\/#breadcrumb","itemListElement":[{"@type":"ListItem","position":1,"name":"Kezd\u0151lap","item":"https:\/\/zsolnayorokbe.hu\/en\/"},{"@type":"ListItem","position":2,"name":"Imprint"}]},{"@type":"WebSite","@id":"https:\/\/zsolnayorokbe.hu\/en\/#website","url":"https:\/\/zsolnayorokbe.hu\/en\/","name":"Zsolnay \u00d6r\u00f6kbe","description":"Fogadj \u00f6r\u00f6kbe egy Zsolnayt","publisher":{"@id":"https:\/\/zsolnayorokbe.hu\/en\/#organization"},"potentialAction":[{"@type":"SearchAction","target":{"@type":"EntryPoint","urlTemplate":"https:\/\/zsolnayorokbe.hu\/en\/?s={search_term_string}"},"query-input":"required name=search_term_string"}],"inLanguage":"en-US"},{"@type":"Organization","@id":"https:\/\/zsolnayorokbe.hu\/en\/#organization","name":"Zsolnay \u00d6r\u00f6ks\u00e9gkezel\u0151 NKft.","url":"https:\/\/zsolnayorokbe.hu\/en\/","logo":{"@type":"ImageObject","inLanguage":"en-US","@id":"https:\/\/zsolnayorokbe.hu\/en\/#\/schema\/logo\/image\/","url":"https:\/\/zsolnayorokbe.hu\/wp-content\/uploads\/zsokkft-szines.svg","contentUrl":"https:\/\/zsolnayorokbe.hu\/wp-content\/uploads\/zsokkft-szines.svg","width":220,"height":90,"caption":"Zsolnay \u00d6r\u00f6ks\u00e9gkezel\u0151 NKft."},"image":{"@id":"https:\/\/zsolnayorokbe.hu\/en\/#\/schema\/logo\/image\/"},"sameAs":["https:\/\/www.facebook.com\/zsolnaynegyed\/","https:\/\/twitter.com\/zsolnaynegyed","https:\/\/www.instagram.com\/zsolnay_negyed"]}]}},"_links":{"self":[{"href":"https:\/\/zsolnayorokbe.hu\/en\/wp-json\/wp\/v2\/pages\/2045","targetHints":{"allow":["GET"]}}],"collection":[{"href":"https:\/\/zsolnayorokbe.hu\/en\/wp-json\/wp\/v2\/pages"}],"about":[{"href":"https:\/\/zsolnayorokbe.hu\/en\/wp-json\/wp\/v2\/types\/page"}],"author":[{"embeddable":true,"href":"https:\/\/zsolnayorokbe.hu\/en\/wp-json\/wp\/v2\/users\/1"}],"replies":[{"embeddable":true,"href":"https:\/\/zsolnayorokbe.hu\/en\/wp-json\/wp\/v2\/comments?post=2045"}],"version-history":[{"count":1,"href":"https:\/\/zsolnayorokbe.hu\/en\/wp-json\/wp\/v2\/pages\/2045\/revisions"}],"predecessor-version":[{"id":2533,"href":"https:\/\/zsolnayorokbe.hu\/en\/wp-json\/wp\/v2\/pages\/2045\/revisions\/2533"}],"wp:attachment":[{"href":"https:\/\/zsolnayorokbe.hu\/en\/wp-json\/wp\/v2\/media?parent=2045"}],"curies":[{"name":"wp","href":"https:\/\/api.w.org\/{rel}","templated":true}]}}