{"id":2026,"date":"2023-06-04T10:42:52","date_gmt":"2023-06-04T10:42:52","guid":{"rendered":"https:\/\/zsolnayorokbe.hu\/?page_id=2026"},"modified":"2023-08-23T08:51:09","modified_gmt":"2023-08-23T08:51:09","slug":"contact","status":"publish","type":"page","link":"https:\/\/zsolnayorokbe.hu\/en\/contact\/","title":{"rendered":"Contact"},"content":{"rendered":"\n<style type=\"text\/css\" data-created_by=\"avia_inline_auto\" id=\"style-css-av-ozbw2-954da4dfaadda5492142feb79b9af941\">\n.avia-section.av-ozbw2-954da4dfaadda5492142feb79b9af941{\nbackground-color:#efefec;\nbackground-image:unset;\n}\n<\/style>\n<div id='av_section_1'  class='avia-section av-ozbw2-954da4dfaadda5492142feb79b9af941 main_color avia-section-small avia-no-shadow  avia-builder-el-0  el_before_av_section  avia-builder-el-first  avia-bg-style-scroll av-minimum-height av-minimum-height-custom  container_wrap fullsize'   data-av_minimum_height_px='200'><div class='container av-section-cont-open' style='height:200px'><main  role=\"main\" itemprop=\"mainContentOfPage\"  class='template-page content  av-content-full alpha units'><div class='post-entry post-entry-type-page post-entry-2026'><div class='entry-content-wrapper clearfix'>\n<div class='flex_column av-kwm96-a950e34e6a433b9ad70725d01aa134f7 av_two_third  avia-builder-el-1  el_before_av_one_third  avia-builder-el-first  first flex_column_div '     ><style type=\"text\/css\" data-created_by=\"avia_inline_auto\" id=\"style-css-av-lighara6-6cfb7696af7e50aeb7ffca903742a605\">\n#top .av-special-heading.av-lighara6-6cfb7696af7e50aeb7ffca903742a605{\npadding-bottom:10px;\n}\nbody .av-special-heading.av-lighara6-6cfb7696af7e50aeb7ffca903742a605 .av-special-heading-tag .heading-char{\nfont-size:25px;\n}\n.av-special-heading.av-lighara6-6cfb7696af7e50aeb7ffca903742a605 .av-subheading{\nfont-size:15px;\n}\n<\/style>\n<div  class='av-special-heading av-lighara6-6cfb7696af7e50aeb7ffca903742a605 av-special-heading-h1 blockquote modern-quote  avia-builder-el-2  avia-builder-el-no-sibling '><h1 class='av-special-heading-tag'  itemprop=\"headline\"  >How to contact us?<\/h1><div class=\"special-heading-border\"><div class=\"special-heading-inner-border\"><\/div><\/div><\/div><\/div><div class='flex_column av-6vrve-c11f142db02a74ab4acc645ff4c1814e av_one_third  avia-builder-el-3  el_after_av_two_third  avia-builder-el-last  flex_column_div '     ><\/div>\n\n<\/div><\/div><\/main><!-- close content main element --><\/div><\/div><div id='av_section_2'  class='avia-section av-145nae-703603f36cc9654e5da6b80671baa35c main_color avia-section-small avia-no-shadow  avia-builder-el-4  el_after_av_section  el_before_av_section  avia-bg-style-scroll container_wrap fullsize'  ><div class='container av-section-cont-open' ><div class='template-page content  av-content-full alpha units'><div class='post-entry post-entry-type-page post-entry-2026'><div class='entry-content-wrapper clearfix'>\n\n<style type=\"text\/css\" data-created_by=\"avia_inline_auto\" id=\"style-css-av-1o2xe-a8a266ecf6488705a7c08f5f61c459c8\">\n.flex_column.av-1o2xe-a8a266ecf6488705a7c08f5f61c459c8{\n-webkit-border-radius:0px 0px 0px 0px;\n-moz-border-radius:0px 0px 0px 0px;\nborder-radius:0px 0px 0px 0px;\npadding:0px 0px 0px 0px;\n}\n<\/style>\n<div class='flex_column av-1o2xe-a8a266ecf6488705a7c08f5f61c459c8 av_two_third  avia-builder-el-5  el_before_av_one_third  avia-builder-el-first  first flex_column_div av-animated-generic bottom-to-top av-zero-column-padding '     ><\/div>\n<style type=\"text\/css\" data-created_by=\"avia_inline_auto\" id=\"style-css-av-be6bm-5e3749ccd93530808230103adddfaf5a\">\n.flex_column.av-be6bm-5e3749ccd93530808230103adddfaf5a{\n-webkit-border-radius:0px 0px 0px 0px;\n-moz-border-radius:0px 0px 0px 0px;\nborder-radius:0px 0px 0px 0px;\npadding:-200px 0 0 0;\n}\n<\/style>\n<div class='flex_column av-be6bm-5e3749ccd93530808230103adddfaf5a av_one_third  avia-builder-el-6  el_after_av_two_third  avia-builder-el-last  flex_column_div av-animated-generic bottom-to-top '     ><style type=\"text\/css\" data-created_by=\"avia_inline_auto\" id=\"style-css-av-lighcjk3-23873896c3bf4b30c8b7957617b79c76\">\n.avia-image-container.av-lighcjk3-23873896c3bf4b30c8b7957617b79c76{\nposition:absolute;\ntop:-210px;\nright:-50px;\nz-index:100;\n}\n.avia-image-container.av-lighcjk3-23873896c3bf4b30c8b7957617b79c76 img.avia_image{\nbox-shadow:none;\n}\n.avia-image-container.av-lighcjk3-23873896c3bf4b30c8b7957617b79c76 .av-image-caption-overlay-center{\ncolor:#ffffff;\n}\n<\/style>\n<div  class='avia-image-container av-lighcjk3-23873896c3bf4b30c8b7957617b79c76 av-styling- avia-align-center  avia-builder-el-7  avia-builder-el-no-sibling  av-small-hide av-mini-hide av-custom-positioned'   itemprop=\"image\" itemscope=\"itemscope\" itemtype=\"https:\/\/schema.org\/ImageObject\" ><div class=\"avia-image-container-inner\"><div class=\"avia-image-overlay-wrap\"><img decoding=\"async\" class='wp-image-1826 avia-img-lazy-loading-not-1826 avia_image ' src=\"https:\/\/zsolnayorokbe.hu\/wp-content\/uploads\/logo-reszlet-400.png\" alt='' title='logo-reszlet-400'  height=\"400\" width=\"400\"  itemprop=\"thumbnailUrl\" srcset=\"https:\/\/zsolnayorokbe.hu\/wp-content\/uploads\/logo-reszlet-400.png 400w, https:\/\/zsolnayorokbe.hu\/wp-content\/uploads\/logo-reszlet-400-300x300.png 300w, https:\/\/zsolnayorokbe.hu\/wp-content\/uploads\/logo-reszlet-400-80x80.png 80w, https:\/\/zsolnayorokbe.hu\/wp-content\/uploads\/logo-reszlet-400-36x36.png 36w, https:\/\/zsolnayorokbe.hu\/wp-content\/uploads\/logo-reszlet-400-180x180.png 180w\" sizes=\"(max-width: 400px) 100vw, 400px\" \/><\/div><\/div><\/div><\/div>\n\n<\/div><\/div><\/div><!-- close content main div --><\/div><\/div><div id='av_section_3'  class='avia-section av-v5oiq-a0de462249ffdc1a0f92861dd199bcaf main_color avia-section-small avia-no-shadow  avia-builder-el-8  el_after_av_section  avia-builder-el-last  avia-bg-style-scroll container_wrap fullsize'  ><div class='container av-section-cont-open' ><div class='template-page content  av-content-full alpha units'><div class='post-entry post-entry-type-page post-entry-2026'><div class='entry-content-wrapper clearfix'>\n\n<style type=\"text\/css\" data-created_by=\"avia_inline_auto\" id=\"style-css-av-mjosq-e3d214f04547b28b5efb418d7c931d7f\">\n.flex_column.av-mjosq-e3d214f04547b28b5efb418d7c931d7f{\n-webkit-border-radius:0px 0px 0px 0px;\n-moz-border-radius:0px 0px 0px 0px;\nborder-radius:0px 0px 0px 0px;\npadding:0px 0px 0px 0px;\n}\n<\/style>\n<div class='flex_column av-mjosq-e3d214f04547b28b5efb418d7c931d7f av_one_full  avia-builder-el-9  avia-builder-el-no-sibling  first flex_column_div av-animated-generic bottom-to-top av-zero-column-padding '     ><section  class='av_textblock_section av-rqkq-b1a435b1d307a828fd2bd487514a8c24'  itemscope=\"itemscope\" itemtype=\"https:\/\/schema.org\/CreativeWork\" ><div class='avia_textblock'  itemprop=\"text\" ><h2>Visitor center<\/h2>\n<p>Phone: +36 72 500 350<\/p>\n<p>E-mail:\u00a0<a href=\"https:\/\/web.archive.org\/web\/20180423230708\/mailto:info@zsn.hu\" target=\"_blank\" rel=\"noopener\" data-saferedirecturl=\"https:\/\/www.google.com\/url?q=https:\/\/web.archive.org\/web\/20180423230708\/mailto:info@zsn.hu&amp;source=gmail&amp;ust=1686767089782000&amp;usg=AOvVaw2Gca2egHhQa27vKADzkbET\">info@zsn.hu<\/a><\/p>\n<h2>Zsolnay\u00a0Infopont &amp; Shop<\/h2>\n<p>Phone: +36 72 500 351<\/p>\n<p>E-mail:\u00a0<a href=\"https:\/\/web.archive.org\/web\/20180423230708\/mailto:info@zsn.hu\" target=\"_blank\" rel=\"noopener\" data-saferedirecturl=\"https:\/\/www.google.com\/url?q=https:\/\/web.archive.org\/web\/20180423230708\/mailto:info@zsn.hu&amp;source=gmail&amp;ust=1686767089782000&amp;usg=AOvVaw2Gca2egHhQa27vKADzkbET\">info@zsn.hu<\/a><\/p>\n<h2>Zsolnay Guesthouse Infopont<\/h2>\n<p>Phone: +36 72 500 390; +36 30 195 2095<br \/>\nE-mail:\u00a0<a href=\"https:\/\/web.archive.org\/web\/20180423230708\/mailto:vendeghaz@zsn.hu\" target=\"_blank\" rel=\"noopener\" data-saferedirecturl=\"https:\/\/www.google.com\/url?q=https:\/\/web.archive.org\/web\/20180423230708\/mailto:vendeghaz@zsn.hu&amp;source=gmail&amp;ust=1686767089782000&amp;usg=AOvVaw1MNymOYuC3JbthFw3A-4IT\">vendeghaz@zsn.hu<\/a><\/p>\n<\/div><\/section><br \/>\n\n<style type=\"text\/css\" data-created_by=\"avia_inline_auto\" id=\"style-css-av-liuonc49-a1a3d21d8ee992559a2abb430ccdd4a9\">\n.avia-image-container.av-liuonc49-a1a3d21d8ee992559a2abb430ccdd4a9 img.avia_image{\nbox-shadow:none;\n}\n.avia-image-container.av-liuonc49-a1a3d21d8ee992559a2abb430ccdd4a9 .av-image-caption-overlay-center{\ncolor:#ffffff;\n}\n<\/style>\n<div  class='avia-image-container av-liuonc49-a1a3d21d8ee992559a2abb430ccdd4a9 av-styling- avia-align-center  avia-builder-el-11  el_after_av_textblock  avia-builder-el-last '   itemprop=\"image\" itemscope=\"itemscope\" itemtype=\"https:\/\/schema.org\/ImageObject\" ><div class=\"avia-image-container-inner\"><div class=\"avia-image-overlay-wrap\"><img decoding=\"async\" class='wp-image-1898 avia-img-lazy-loading-not-1898 avia_image ' src=\"https:\/\/zsolnayorokbe.hu\/wp-content\/uploads\/terkep_zskn.jpg\" alt='' title='terkep_zskn'  height=\"905\" width=\"1280\"  itemprop=\"thumbnailUrl\" srcset=\"https:\/\/zsolnayorokbe.hu\/wp-content\/uploads\/terkep_zskn.jpg 1280w, https:\/\/zsolnayorokbe.hu\/wp-content\/uploads\/terkep_zskn-300x212.jpg 300w, https:\/\/zsolnayorokbe.hu\/wp-content\/uploads\/terkep_zskn-1030x728.jpg 1030w, https:\/\/zsolnayorokbe.hu\/wp-content\/uploads\/terkep_zskn-768x543.jpg 768w, https:\/\/zsolnayorokbe.hu\/wp-content\/uploads\/terkep_zskn-260x185.jpg 260w, https:\/\/zsolnayorokbe.hu\/wp-content\/uploads\/terkep_zskn-705x498.jpg 705w\" sizes=\"(max-width: 1280px) 100vw, 1280px\" \/><\/div><\/div><\/div><\/p><\/div>\n","protected":false},"excerpt":{"rendered":"","protected":false},"author":1,"featured_media":0,"parent":0,"menu_order":0,"comment_status":"closed","ping_status":"closed","template":"","meta":{"inline_featured_image":false,"footnotes":""},"class_list":["post-2026","page","type-page","status-publish","hentry"],"yoast_head":"<!-- This site is optimized with the Yoast SEO plugin v21.0 - https:\/\/yoast.com\/wordpress\/plugins\/seo\/ -->\n<title>Contact - Zsolnay \u00f6r\u00f6kbe<\/title>\n<meta name=\"robots\" content=\"index, follow, max-snippet:-1, max-image-preview:large, max-video-preview:-1\" \/>\n<link rel=\"canonical\" href=\"http:\/\/zsolnayorokbe.hu\/en\/contact\/\" \/>\n<meta property=\"og:locale\" content=\"en_US\" \/>\n<meta property=\"og:type\" content=\"article\" \/>\n<meta property=\"og:title\" content=\"Contact - Zsolnay \u00f6r\u00f6kbe\" \/>\n<meta property=\"og:url\" content=\"http:\/\/zsolnayorokbe.hu\/en\/contact\/\" \/>\n<meta property=\"og:site_name\" content=\"Zsolnay \u00f6r\u00f6kbe\" \/>\n<meta property=\"article:publisher\" content=\"https:\/\/www.facebook.com\/zsolnaynegyed\/\" \/>\n<meta property=\"article:modified_time\" content=\"2023-08-23T08:51:09+00:00\" \/>\n<meta name=\"twitter:card\" content=\"summary_large_image\" \/>\n<meta name=\"twitter:site\" content=\"@zsolnaynegyed\" \/>\n<meta name=\"twitter:label1\" content=\"Est. reading time\" \/>\n\t<meta name=\"twitter:data1\" content=\"18 minutes\" \/>\n<script type=\"application\/ld+json\" class=\"yoast-schema-graph\">{\"@context\":\"https:\/\/schema.org\",\"@graph\":[{\"@type\":\"WebPage\",\"@id\":\"http:\/\/zsolnayorokbe.hu\/en\/contact\/\",\"url\":\"http:\/\/zsolnayorokbe.hu\/en\/contact\/\",\"name\":\"Contact - Zsolnay \u00f6r\u00f6kbe\",\"isPartOf\":{\"@id\":\"http:\/\/zsolnayorokbe.hu\/#website\"},\"datePublished\":\"2023-06-04T10:42:52+00:00\",\"dateModified\":\"2023-08-23T08:51:09+00:00\",\"breadcrumb\":{\"@id\":\"http:\/\/zsolnayorokbe.hu\/en\/contact\/#breadcrumb\"},\"inLanguage\":\"en-US\",\"potentialAction\":[{\"@type\":\"ReadAction\",\"target\":[\"http:\/\/zsolnayorokbe.hu\/en\/contact\/\"]}]},{\"@type\":\"BreadcrumbList\",\"@id\":\"http:\/\/zsolnayorokbe.hu\/en\/contact\/#breadcrumb\",\"itemListElement\":[{\"@type\":\"ListItem\",\"position\":1,\"name\":\"Kezd\u0151lap\",\"item\":\"https:\/\/zsolnayorokbe.hu\/en\/\"},{\"@type\":\"ListItem\",\"position\":2,\"name\":\"Contact\"}]},{\"@type\":\"WebSite\",\"@id\":\"http:\/\/zsolnayorokbe.hu\/#website\",\"url\":\"http:\/\/zsolnayorokbe.hu\/\",\"name\":\"Zsolnay \u00d6r\u00f6kbe\",\"description\":\"Fogadj \u00f6r\u00f6kbe egy Zsolnayt\",\"publisher\":{\"@id\":\"http:\/\/zsolnayorokbe.hu\/#organization\"},\"potentialAction\":[{\"@type\":\"SearchAction\",\"target\":{\"@type\":\"EntryPoint\",\"urlTemplate\":\"http:\/\/zsolnayorokbe.hu\/?s={search_term_string}\"},\"query-input\":\"required name=search_term_string\"}],\"inLanguage\":\"en-US\"},{\"@type\":\"Organization\",\"@id\":\"http:\/\/zsolnayorokbe.hu\/#organization\",\"name\":\"Zsolnay \u00d6r\u00f6ks\u00e9gkezel\u0151 NKft.\",\"url\":\"http:\/\/zsolnayorokbe.hu\/\",\"logo\":{\"@type\":\"ImageObject\",\"inLanguage\":\"en-US\",\"@id\":\"http:\/\/zsolnayorokbe.hu\/#\/schema\/logo\/image\/\",\"url\":\"https:\/\/zsolnayorokbe.hu\/wp-content\/uploads\/zsokkft-szines.svg\",\"contentUrl\":\"https:\/\/zsolnayorokbe.hu\/wp-content\/uploads\/zsokkft-szines.svg\",\"width\":220,\"height\":90,\"caption\":\"Zsolnay \u00d6r\u00f6ks\u00e9gkezel\u0151 NKft.\"},\"image\":{\"@id\":\"http:\/\/zsolnayorokbe.hu\/#\/schema\/logo\/image\/\"},\"sameAs\":[\"https:\/\/www.facebook.com\/zsolnaynegyed\/\",\"https:\/\/twitter.com\/zsolnaynegyed\",\"https:\/\/www.instagram.com\/zsolnay_negyed\"]}]}<\/script>\n<!-- \/ Yoast SEO plugin. -->","yoast_head_json":{"title":"Contact - Zsolnay \u00f6r\u00f6kbe","robots":{"index":"index","follow":"follow","max-snippet":"max-snippet:-1","max-image-preview":"max-image-preview:large","max-video-preview":"max-video-preview:-1"},"canonical":"http:\/\/zsolnayorokbe.hu\/en\/contact\/","og_locale":"en_US","og_type":"article","og_title":"Contact - Zsolnay \u00f6r\u00f6kbe","og_url":"http:\/\/zsolnayorokbe.hu\/en\/contact\/","og_site_name":"Zsolnay \u00f6r\u00f6kbe","article_publisher":"https:\/\/www.facebook.com\/zsolnaynegyed\/","article_modified_time":"2023-08-23T08:51:09+00:00","twitter_card":"summary_large_image","twitter_site":"@zsolnaynegyed","twitter_misc":{"Est. reading time":"18 minutes"},"schema":{"@context":"https:\/\/schema.org","@graph":[{"@type":"WebPage","@id":"http:\/\/zsolnayorokbe.hu\/en\/contact\/","url":"http:\/\/zsolnayorokbe.hu\/en\/contact\/","name":"Contact - Zsolnay \u00f6r\u00f6kbe","isPartOf":{"@id":"http:\/\/zsolnayorokbe.hu\/#website"},"datePublished":"2023-06-04T10:42:52+00:00","dateModified":"2023-08-23T08:51:09+00:00","breadcrumb":{"@id":"http:\/\/zsolnayorokbe.hu\/en\/contact\/#breadcrumb"},"inLanguage":"en-US","potentialAction":[{"@type":"ReadAction","target":["http:\/\/zsolnayorokbe.hu\/en\/contact\/"]}]},{"@type":"BreadcrumbList","@id":"http:\/\/zsolnayorokbe.hu\/en\/contact\/#breadcrumb","itemListElement":[{"@type":"ListItem","position":1,"name":"Kezd\u0151lap","item":"https:\/\/zsolnayorokbe.hu\/en\/"},{"@type":"ListItem","position":2,"name":"Contact"}]},{"@type":"WebSite","@id":"http:\/\/zsolnayorokbe.hu\/#website","url":"http:\/\/zsolnayorokbe.hu\/","name":"Zsolnay \u00d6r\u00f6kbe","description":"Fogadj \u00f6r\u00f6kbe egy Zsolnayt","publisher":{"@id":"http:\/\/zsolnayorokbe.hu\/#organization"},"potentialAction":[{"@type":"SearchAction","target":{"@type":"EntryPoint","urlTemplate":"http:\/\/zsolnayorokbe.hu\/?s={search_term_string}"},"query-input":"required name=search_term_string"}],"inLanguage":"en-US"},{"@type":"Organization","@id":"http:\/\/zsolnayorokbe.hu\/#organization","name":"Zsolnay \u00d6r\u00f6ks\u00e9gkezel\u0151 NKft.","url":"http:\/\/zsolnayorokbe.hu\/","logo":{"@type":"ImageObject","inLanguage":"en-US","@id":"http:\/\/zsolnayorokbe.hu\/#\/schema\/logo\/image\/","url":"https:\/\/zsolnayorokbe.hu\/wp-content\/uploads\/zsokkft-szines.svg","contentUrl":"https:\/\/zsolnayorokbe.hu\/wp-content\/uploads\/zsokkft-szines.svg","width":220,"height":90,"caption":"Zsolnay \u00d6r\u00f6ks\u00e9gkezel\u0151 NKft."},"image":{"@id":"http:\/\/zsolnayorokbe.hu\/#\/schema\/logo\/image\/"},"sameAs":["https:\/\/www.facebook.com\/zsolnaynegyed\/","https:\/\/twitter.com\/zsolnaynegyed","https:\/\/www.instagram.com\/zsolnay_negyed"]}]}},"_links":{"self":[{"href":"https:\/\/zsolnayorokbe.hu\/en\/wp-json\/wp\/v2\/pages\/2026","targetHints":{"allow":["GET"]}}],"collection":[{"href":"https:\/\/zsolnayorokbe.hu\/en\/wp-json\/wp\/v2\/pages"}],"about":[{"href":"https:\/\/zsolnayorokbe.hu\/en\/wp-json\/wp\/v2\/types\/page"}],"author":[{"embeddable":true,"href":"https:\/\/zsolnayorokbe.hu\/en\/wp-json\/wp\/v2\/users\/1"}],"replies":[{"embeddable":true,"href":"https:\/\/zsolnayorokbe.hu\/en\/wp-json\/wp\/v2\/comments?post=2026"}],"version-history":[{"count":1,"href":"https:\/\/zsolnayorokbe.hu\/en\/wp-json\/wp\/v2\/pages\/2026\/revisions"}],"predecessor-version":[{"id":3331,"href":"https:\/\/zsolnayorokbe.hu\/en\/wp-json\/wp\/v2\/pages\/2026\/revisions\/3331"}],"wp:attachment":[{"href":"https:\/\/zsolnayorokbe.hu\/en\/wp-json\/wp\/v2\/media?parent=2026"}],"curies":[{"name":"wp","href":"https:\/\/api.w.org\/{rel}","templated":true}]}}