{"id":2015,"date":"2015-07-16T09:12:44","date_gmt":"2015-07-16T09:12:44","guid":{"rendered":"https:\/\/zsolnayorokbe.hu\/?page_id=2015"},"modified":"2023-08-30T15:22:04","modified_gmt":"2023-08-30T15:22:04","slug":"about-zsolnay","status":"publish","type":"page","link":"https:\/\/zsolnayorokbe.hu\/en\/about-zsolnay\/","title":{"rendered":"About Zsolnay"},"content":{"rendered":"\n<style type=\"text\/css\" data-created_by=\"avia_inline_auto\" id=\"style-css-av-ozbw2-954da4dfaadda5492142feb79b9af941\">\n.avia-section.av-ozbw2-954da4dfaadda5492142feb79b9af941{\nbackground-color:#efefec;\nbackground-image:unset;\n}\n<\/style>\n<div id='av_section_1'  class='avia-section av-ozbw2-954da4dfaadda5492142feb79b9af941 main_color avia-section-small avia-no-shadow  avia-builder-el-0  el_before_av_section  avia-builder-el-first  avia-bg-style-scroll av-minimum-height av-minimum-height-custom  container_wrap fullsize'   data-av_minimum_height_px='200'><div class='container av-section-cont-open' style='height:200px'><main  role=\"main\" itemprop=\"mainContentOfPage\"  class='template-page content  av-content-full alpha units'><div class='post-entry post-entry-type-page post-entry-2015'><div class='entry-content-wrapper clearfix'>\n<div class='flex_column av-kwm96-a950e34e6a433b9ad70725d01aa134f7 av_two_third  avia-builder-el-1  el_before_av_one_third  avia-builder-el-first  first flex_column_div '     ><p>\n<style type=\"text\/css\" data-created_by=\"avia_inline_auto\" id=\"style-css-av-lighara6-468fafd75f719c8e33b119b72f4179cc\">\n#top .av-special-heading.av-lighara6-468fafd75f719c8e33b119b72f4179cc{\npadding-bottom:10px;\n}\nbody .av-special-heading.av-lighara6-468fafd75f719c8e33b119b72f4179cc .av-special-heading-tag .heading-char{\nfont-size:25px;\n}\n.av-special-heading.av-lighara6-468fafd75f719c8e33b119b72f4179cc .av-subheading{\nfont-size:15px;\n}\n<\/style>\n<div  class='av-special-heading av-lighara6-468fafd75f719c8e33b119b72f4179cc av-special-heading-h1 blockquote modern-quote  avia-builder-el-2  el_before_av_textblock  avia-builder-el-first '><h1 class='av-special-heading-tag'  itemprop=\"headline\"  >About Zsolnay<\/h1><div class=\"special-heading-border\"><div class=\"special-heading-inner-border\"><\/div><\/div><\/div><br \/>\n<section  class='av_textblock_section av-fuove-600f5bad4501ee9e0dc05ebe7d4b07f0'  itemscope=\"itemscope\" itemtype=\"https:\/\/schema.org\/CreativeWork\" ><div class='avia_textblock'  itemprop=\"text\" ><p>Zsolnay Factory was founded in 1853 by Mikl\u00f3s Zsolnay for his son Ign\u00e1c, who launched the production of ceramic products using the assets purchased from a bankrupt plant in the nearby village of Lukafa as well as local raw materials.<\/p>\n<\/div><\/section><\/p><\/div><div class='flex_column av-6vrve-c11f142db02a74ab4acc645ff4c1814e av_one_third  avia-builder-el-4  el_after_av_two_third  avia-builder-el-last  flex_column_div '     ><\/div>\n\n<\/div><\/div><\/main><!-- close content main element --><\/div><\/div><div id='av_section_2'  class='avia-section av-145nae-703603f36cc9654e5da6b80671baa35c main_color avia-section-small avia-no-shadow  avia-builder-el-5  el_after_av_section  el_before_av_section  avia-bg-style-scroll container_wrap fullsize'  ><div class='container av-section-cont-open' ><div class='template-page content  av-content-full alpha units'><div class='post-entry post-entry-type-page post-entry-2015'><div class='entry-content-wrapper clearfix'>\n\n<style type=\"text\/css\" data-created_by=\"avia_inline_auto\" id=\"style-css-av-1o2xe-a8a266ecf6488705a7c08f5f61c459c8\">\n.flex_column.av-1o2xe-a8a266ecf6488705a7c08f5f61c459c8{\n-webkit-border-radius:0px 0px 0px 0px;\n-moz-border-radius:0px 0px 0px 0px;\nborder-radius:0px 0px 0px 0px;\npadding:0px 0px 0px 0px;\n}\n<\/style>\n<div class='flex_column av-1o2xe-a8a266ecf6488705a7c08f5f61c459c8 av_two_third  avia-builder-el-6  el_before_av_one_third  avia-builder-el-first  first flex_column_div av-animated-generic bottom-to-top av-zero-column-padding '     ><\/div>\n<style type=\"text\/css\" data-created_by=\"avia_inline_auto\" id=\"style-css-av-be6bm-5e3749ccd93530808230103adddfaf5a\">\n.flex_column.av-be6bm-5e3749ccd93530808230103adddfaf5a{\n-webkit-border-radius:0px 0px 0px 0px;\n-moz-border-radius:0px 0px 0px 0px;\nborder-radius:0px 0px 0px 0px;\npadding:-200px 0 0 0;\n}\n<\/style>\n<div class='flex_column av-be6bm-5e3749ccd93530808230103adddfaf5a av_one_third  avia-builder-el-7  el_after_av_two_third  avia-builder-el-last  flex_column_div av-animated-generic bottom-to-top '     ><style type=\"text\/css\" data-created_by=\"avia_inline_auto\" id=\"style-css-av-lighcjk3-23873896c3bf4b30c8b7957617b79c76\">\n.avia-image-container.av-lighcjk3-23873896c3bf4b30c8b7957617b79c76{\nposition:absolute;\ntop:-210px;\nright:-50px;\nz-index:100;\n}\n.avia-image-container.av-lighcjk3-23873896c3bf4b30c8b7957617b79c76 img.avia_image{\nbox-shadow:none;\n}\n.avia-image-container.av-lighcjk3-23873896c3bf4b30c8b7957617b79c76 .av-image-caption-overlay-center{\ncolor:#ffffff;\n}\n<\/style>\n<div  class='avia-image-container av-lighcjk3-23873896c3bf4b30c8b7957617b79c76 av-styling- avia-align-center  avia-builder-el-8  avia-builder-el-no-sibling  av-small-hide av-mini-hide av-custom-positioned'   itemprop=\"image\" itemscope=\"itemscope\" itemtype=\"https:\/\/schema.org\/ImageObject\" ><div class=\"avia-image-container-inner\"><div class=\"avia-image-overlay-wrap\"><img decoding=\"async\" class='wp-image-1826 avia-img-lazy-loading-not-1826 avia_image ' src=\"https:\/\/zsolnayorokbe.hu\/wp-content\/uploads\/logo-reszlet-400.png\" alt='' title='logo-reszlet-400'  height=\"400\" width=\"400\"  itemprop=\"thumbnailUrl\" srcset=\"https:\/\/zsolnayorokbe.hu\/wp-content\/uploads\/logo-reszlet-400.png 400w, https:\/\/zsolnayorokbe.hu\/wp-content\/uploads\/logo-reszlet-400-300x300.png 300w, https:\/\/zsolnayorokbe.hu\/wp-content\/uploads\/logo-reszlet-400-80x80.png 80w, https:\/\/zsolnayorokbe.hu\/wp-content\/uploads\/logo-reszlet-400-36x36.png 36w, https:\/\/zsolnayorokbe.hu\/wp-content\/uploads\/logo-reszlet-400-180x180.png 180w\" sizes=\"(max-width: 400px) 100vw, 400px\" \/><\/div><\/div><\/div><\/div>\n\n<\/div><\/div><\/div><!-- close content main div --><\/div><\/div><div id='av_section_3'  class='avia-section av-v5oiq-a0de462249ffdc1a0f92861dd199bcaf main_color avia-section-small avia-no-shadow  avia-builder-el-9  el_after_av_section  el_before_av_button  avia-bg-style-scroll container_wrap fullsize'  ><div class='container av-section-cont-open' ><div class='template-page content  av-content-full alpha units'><div class='post-entry post-entry-type-page post-entry-2015'><div class='entry-content-wrapper clearfix'>\n\n<style type=\"text\/css\" data-created_by=\"avia_inline_auto\" id=\"style-css-av-mjosq-e3d214f04547b28b5efb418d7c931d7f\">\n.flex_column.av-mjosq-e3d214f04547b28b5efb418d7c931d7f{\n-webkit-border-radius:0px 0px 0px 0px;\n-moz-border-radius:0px 0px 0px 0px;\nborder-radius:0px 0px 0px 0px;\npadding:0px 0px 0px 0px;\n}\n<\/style>\n<div class='flex_column av-mjosq-e3d214f04547b28b5efb418d7c931d7f av_four_fifth  avia-builder-el-10  el_before_av_one_fifth  avia-builder-el-first  first flex_column_div av-animated-generic bottom-to-top av-zero-column-padding '     ><section  class='av_textblock_section av-rqkq-b1a435b1d307a828fd2bd487514a8c24'  itemscope=\"itemscope\" itemtype=\"https:\/\/schema.org\/CreativeWork\" ><div class='avia_textblock'  itemprop=\"text\" ><p>A decade later, Mikl\u00f3s Zsolnay&#8217;s other son, Vilmos, took over the management of the factory, thus beginning the unprecedented success story of Hungarian applied arts.<\/p>\n<p>The products of the Factory gained international recognition for the first time at the Vienna World&#8217;s Fair in 1873, which led to several significant orders from England, France, Russia and the United States. The Grand Prize (Grand Prix) won at the Paris World&#8217;s Fair in 1878 brought him real world fame, but the artistic works of Vilmos Zsolnay&#8217;s factory were awarded with numerous other awards worldwide even after that.<\/p>\n<p>As one of the pioneers of the ceramic industry of the end of the nineteenth century, Vilmos Zsolnay developed new, unique techniques for the products of his company. The first of them was the &#8220;Zsolnay&#8217;s&#8221; porcelain faience. The surfaces, decorated on bone-coloured base glaze fired over a high fire gettin coloured glazes and rich gilding, spectacularly conveyed the beauty of painted porcelain, and since it was applied on a ceramic base, the technique allowed for a much broader use of colours.<\/p>\n<p>In 1896, at the Millennium National Exhibition, the factory presented its most beautiful creations, which were already made using the special metal luster glazing technique called eosin. This method was developed by Vilmos Zsolnay with the help of chemist Vince Wartha. The essence of the procedure is that the already fired base glazed object was covered with clay paste containing metal oxides, which allowed the reducing metal compounds to penetrate into the layer of the base glaze during re-firing, and formed a durable iridescent coating of various different colours.<\/p>\n<p>Vilmos Zsolnay himself received numerous awards and honors for his efforts as an artist. In 1896 he was awarded the Order of Franz Joseph, and the city of P\u00e9cs made him an honorary citizen.<\/p>\n<p><img loading=\"lazy\" decoding=\"async\" class=\"wp-image-1509 aligncenter\" src=\"https:\/\/zsolnayorokbe.hu\/wp-content\/uploads\/Zsolnay_9-1030x722.jpg\" alt=\"\" width=\"650\" height=\"455\" srcset=\"https:\/\/zsolnayorokbe.hu\/wp-content\/uploads\/Zsolnay_9-1030x722.jpg 1030w, https:\/\/zsolnayorokbe.hu\/wp-content\/uploads\/Zsolnay_9-300x210.jpg 300w, https:\/\/zsolnayorokbe.hu\/wp-content\/uploads\/Zsolnay_9-768x539.jpg 768w, https:\/\/zsolnayorokbe.hu\/wp-content\/uploads\/Zsolnay_9-1536x1077.jpg 1536w, https:\/\/zsolnayorokbe.hu\/wp-content\/uploads\/Zsolnay_9-1500x1052.jpg 1500w, https:\/\/zsolnayorokbe.hu\/wp-content\/uploads\/Zsolnay_9-705x494.jpg 705w, https:\/\/zsolnayorokbe.hu\/wp-content\/uploads\/Zsolnay_9.jpg 1600w\" sizes=\"auto, (max-width: 650px) 100vw, 650px\" \/><\/p>\n<p>After the death of Vilmos Zsolnay in 1900, his son Mikl\u00f3s Zsolnay took over the family&#8217;s world-renowned factory. Art Nouveau, which was very popular at that time, became the defining style of the era, and the imagination and creativity of the young artists of the Factory developed in unprecedented abundance. The rise of the production of architectural ceramics also brought significant results. During large public constructions, cladding or decorative elements made in the factory were widely used throughout the country.<\/p>\n<p>After World War I and the Serbian occupation, the factory faced hard times for decades, but under the leadership of the next generations of the Zsolnay family, it managed to survive even the most critical periods.<\/p>\n<p>The nationalization in 1948 brought about the decline of the production of products with artistic needs. The Zsolnay factory was renamed P\u00e9cs Porcelain Factory and its activity was characterized by the production of industrial products. From the 1960s onwards, Hungary&#8217;s political and cultural space began to expand, so designer craftsmen could reemerge in the factory, including such renowned artists as Victor Vasarely or \u00c9va Zeisel. The factory regained its original name, artistic ornaments meeting the requirements of modernist trends of the time played an important role among its products, and the special techniques that established the factory&#8217;s world fame were also used again. The production of colourful tiles and architectural ornaments adorning the country&#8217;s buildings to this day also started again during this period.<\/p>\n<p>After the change of regime, the factory&#8217;s production decreased significantly. At the same time, the Zsolnay Porcelain Manufactory, which is a fraction of the size of previous dimensions, faithfully preserves the production culture introduced by its great predecessors and the special Zsolnay production technologies developed by them.<\/p>\n<p>In the area of the world-famous ceramic factory where production ceased, Zsolnay heritage lives on with new content and a dignified manner on a beautifully renovated 5-hectare area. A total of 15 protected monumental buildings and 88 public Zsolnay statues adorn the picturesque parks and promenades. Every single spot of the Zsolnay Cultural Quarter hides many attractions, not to mention cozy cafes, craft shops and high-quality restaurants.<\/p>\n<p><img loading=\"lazy\" decoding=\"async\" class=\"wp-image-1505 aligncenter\" src=\"https:\/\/zsolnayorokbe.hu\/wp-content\/uploads\/Zsolnay_5-1030x579.jpg\" alt=\"\" width=\"649\" height=\"365\" srcset=\"https:\/\/zsolnayorokbe.hu\/wp-content\/uploads\/Zsolnay_5-1030x579.jpg 1030w, https:\/\/zsolnayorokbe.hu\/wp-content\/uploads\/Zsolnay_5-300x169.jpg 300w, https:\/\/zsolnayorokbe.hu\/wp-content\/uploads\/Zsolnay_5-768x432.jpg 768w, https:\/\/zsolnayorokbe.hu\/wp-content\/uploads\/Zsolnay_5-1536x864.jpg 1536w, https:\/\/zsolnayorokbe.hu\/wp-content\/uploads\/Zsolnay_5-1500x844.jpg 1500w, https:\/\/zsolnayorokbe.hu\/wp-content\/uploads\/Zsolnay_5-705x397.jpg 705w, https:\/\/zsolnayorokbe.hu\/wp-content\/uploads\/Zsolnay_5.jpg 1600w\" sizes=\"auto, (max-width: 649px) 100vw, 649px\" \/><\/p>\n<p>The Quarter boasts several unique exhibitions presenting the Zsolnay heritage. The collection of dr. L\u00e1szl\u00f3 Gyugyi returned from America, the exhibition of 710 ceramic objects is entitled <a href=\"https:\/\/www.zsolnaynegyed.hu\/en\/programmes\/golden-age-of-zsolnay-gyugyi-collection\">The Golden Age of Zsolnay<\/a>. The earliest Zsolnay products for everyday use are presented in the 1200-item <a href=\"https:\/\/www.zsolnaynegyed.hu\/en\/programmes\/pink-zsolnay-exhibition\">Pink Zsolnay Exhibition<\/a> created by Barnab\u00e1s Winkler. These two are complemented by the <a href=\"https:\/\/www.zsolnaynegyed.hu\/en\/programmes\/zsolnay-family-and-factory-history-exhibition\">Zsolnay Family and Factory History Exhibition<\/a>. On the hill close to the <a href=\"https:\/\/www.zsolnaynegyed.hu\/en\">Zsolnay Cultural Quarter<\/a>, the <a href=\"https:\/\/www.zsolnaynegyed.hu\/en\/programmes\/zsolnay-mausoleum\">Zsolnay Mausoleum<\/a>, the resting place of the Zsolnay family, can be seen in its original splendor, where 42 lions guard the secret of eosin.<\/p>\n<p><img loading=\"lazy\" decoding=\"async\" class=\"wp-image-1501 aligncenter\" src=\"https:\/\/zsolnayorokbe.hu\/wp-content\/uploads\/Zsolnay_1-1030x687.jpg\" alt=\"\" width=\"651\" height=\"434\" srcset=\"https:\/\/zsolnayorokbe.hu\/wp-content\/uploads\/Zsolnay_1-1030x687.jpg 1030w, https:\/\/zsolnayorokbe.hu\/wp-content\/uploads\/Zsolnay_1-300x200.jpg 300w, https:\/\/zsolnayorokbe.hu\/wp-content\/uploads\/Zsolnay_1-768x512.jpg 768w, https:\/\/zsolnayorokbe.hu\/wp-content\/uploads\/Zsolnay_1-1536x1024.jpg 1536w, https:\/\/zsolnayorokbe.hu\/wp-content\/uploads\/Zsolnay_1-1500x1000.jpg 1500w, https:\/\/zsolnayorokbe.hu\/wp-content\/uploads\/Zsolnay_1-705x470.jpg 705w, https:\/\/zsolnayorokbe.hu\/wp-content\/uploads\/Zsolnay_1.jpg 1600w\" sizes=\"auto, (max-width: 651px) 100vw, 651px\" \/><\/p>\n<\/div><\/section><\/div><div class='flex_column av-ag5sa-3f8336aee22d049f601e4ecbd492ae12 av_one_fifth  avia-builder-el-12  el_after_av_four_fifth  avia-builder-el-last  flex_column_div '     ><\/div>\n<\/div><\/div><\/div><!-- close content main div --><\/div><\/div><div id='after_section_3'  class='main_color av_default_container_wrap container_wrap fullsize'  ><div class='container av-section-cont-open' ><div class='template-page content  av-content-full alpha units'><div class='post-entry post-entry-type-page post-entry-2015'><div class='entry-content-wrapper clearfix'>\n<div  class='avia-button-wrap av-llxvy5qz-8699bc3eb7682ca07b6c14b0d943d83d-wrap avia-button-center  avia-builder-el-13  el_after_av_section  avia-builder-el-no-sibling '><a href='https:\/\/www.zsolnaynegyed.hu\/latnivalok\/a-zsolnay-negyedrol' class='avia-button av-llxvy5qz-8699bc3eb7682ca07b6c14b0d943d83d avia-icon_select-no avia-size-small avia-position-center avia-color-theme-color' target=\"_blank\" rel=\"noopener noreferrer\"><span class='avia_iconbox_title' >Further curiosities about the Zsolnay Cultural Quarter<\/span><\/a><\/div>\n","protected":false},"excerpt":{"rendered":"","protected":false},"author":1,"featured_media":0,"parent":0,"menu_order":0,"comment_status":"closed","ping_status":"closed","template":"","meta":{"inline_featured_image":false,"footnotes":""},"class_list":["post-2015","page","type-page","status-publish","hentry"],"yoast_head":"<!-- This site is optimized with the Yoast SEO plugin v21.0 - https:\/\/yoast.com\/wordpress\/plugins\/seo\/ -->\n<title>About Zsolnay - Zsolnay \u00f6r\u00f6kbe<\/title>\n<meta name=\"robots\" content=\"index, follow, max-snippet:-1, max-image-preview:large, max-video-preview:-1\" \/>\n<link rel=\"canonical\" href=\"https:\/\/zsolnayorokbe.hu\/en\/about-zsolnay\/\" \/>\n<meta property=\"og:locale\" content=\"en_US\" \/>\n<meta property=\"og:type\" content=\"article\" \/>\n<meta property=\"og:title\" content=\"About Zsolnay - Zsolnay \u00f6r\u00f6kbe\" \/>\n<meta property=\"og:url\" content=\"https:\/\/zsolnayorokbe.hu\/en\/about-zsolnay\/\" \/>\n<meta property=\"og:site_name\" content=\"Zsolnay \u00f6r\u00f6kbe\" \/>\n<meta property=\"article:publisher\" content=\"https:\/\/www.facebook.com\/zsolnaynegyed\/\" \/>\n<meta property=\"article:modified_time\" content=\"2023-08-30T15:22:04+00:00\" \/>\n<meta property=\"og:image\" content=\"https:\/\/zsolnayorokbe.hu\/wp-content\/uploads\/Zsolnay_9-1030x722.jpg\" \/>\n<meta name=\"twitter:card\" content=\"summary_large_image\" \/>\n<meta name=\"twitter:site\" content=\"@zsolnaynegyed\" \/>\n<meta name=\"twitter:label1\" content=\"Est. reading time\" \/>\n\t<meta name=\"twitter:data1\" content=\"11 minutes\" \/>\n<script type=\"application\/ld+json\" class=\"yoast-schema-graph\">{\"@context\":\"https:\/\/schema.org\",\"@graph\":[{\"@type\":\"WebPage\",\"@id\":\"https:\/\/zsolnayorokbe.hu\/en\/about-zsolnay\/\",\"url\":\"https:\/\/zsolnayorokbe.hu\/en\/about-zsolnay\/\",\"name\":\"About Zsolnay - Zsolnay \u00f6r\u00f6kbe\",\"isPartOf\":{\"@id\":\"http:\/\/zsolnayorokbe.hu\/en\/#website\"},\"datePublished\":\"2015-07-16T09:12:44+00:00\",\"dateModified\":\"2023-08-30T15:22:04+00:00\",\"breadcrumb\":{\"@id\":\"https:\/\/zsolnayorokbe.hu\/en\/about-zsolnay\/#breadcrumb\"},\"inLanguage\":\"en-US\",\"potentialAction\":[{\"@type\":\"ReadAction\",\"target\":[\"https:\/\/zsolnayorokbe.hu\/en\/about-zsolnay\/\"]}]},{\"@type\":\"BreadcrumbList\",\"@id\":\"https:\/\/zsolnayorokbe.hu\/en\/about-zsolnay\/#breadcrumb\",\"itemListElement\":[{\"@type\":\"ListItem\",\"position\":1,\"name\":\"Kezd\u0151lap\",\"item\":\"http:\/\/zsolnayorokbe.hu\/en\/\"},{\"@type\":\"ListItem\",\"position\":2,\"name\":\"About Zsolnay\"}]},{\"@type\":\"WebSite\",\"@id\":\"http:\/\/zsolnayorokbe.hu\/en\/#website\",\"url\":\"http:\/\/zsolnayorokbe.hu\/en\/\",\"name\":\"Zsolnay \u00d6r\u00f6kbe\",\"description\":\"Fogadj \u00f6r\u00f6kbe egy Zsolnayt\",\"publisher\":{\"@id\":\"http:\/\/zsolnayorokbe.hu\/en\/#organization\"},\"potentialAction\":[{\"@type\":\"SearchAction\",\"target\":{\"@type\":\"EntryPoint\",\"urlTemplate\":\"http:\/\/zsolnayorokbe.hu\/en\/?s={search_term_string}\"},\"query-input\":\"required name=search_term_string\"}],\"inLanguage\":\"en-US\"},{\"@type\":\"Organization\",\"@id\":\"http:\/\/zsolnayorokbe.hu\/en\/#organization\",\"name\":\"Zsolnay \u00d6r\u00f6ks\u00e9gkezel\u0151 NKft.\",\"url\":\"http:\/\/zsolnayorokbe.hu\/en\/\",\"logo\":{\"@type\":\"ImageObject\",\"inLanguage\":\"en-US\",\"@id\":\"http:\/\/zsolnayorokbe.hu\/en\/#\/schema\/logo\/image\/\",\"url\":\"https:\/\/zsolnayorokbe.hu\/wp-content\/uploads\/zsokkft-szines.svg\",\"contentUrl\":\"https:\/\/zsolnayorokbe.hu\/wp-content\/uploads\/zsokkft-szines.svg\",\"width\":220,\"height\":90,\"caption\":\"Zsolnay \u00d6r\u00f6ks\u00e9gkezel\u0151 NKft.\"},\"image\":{\"@id\":\"http:\/\/zsolnayorokbe.hu\/en\/#\/schema\/logo\/image\/\"},\"sameAs\":[\"https:\/\/www.facebook.com\/zsolnaynegyed\/\",\"https:\/\/twitter.com\/zsolnaynegyed\",\"https:\/\/www.instagram.com\/zsolnay_negyed\"]}]}<\/script>\n<!-- \/ Yoast SEO plugin. -->","yoast_head_json":{"title":"About Zsolnay - Zsolnay \u00f6r\u00f6kbe","robots":{"index":"index","follow":"follow","max-snippet":"max-snippet:-1","max-image-preview":"max-image-preview:large","max-video-preview":"max-video-preview:-1"},"canonical":"https:\/\/zsolnayorokbe.hu\/en\/about-zsolnay\/","og_locale":"en_US","og_type":"article","og_title":"About Zsolnay - Zsolnay \u00f6r\u00f6kbe","og_url":"https:\/\/zsolnayorokbe.hu\/en\/about-zsolnay\/","og_site_name":"Zsolnay \u00f6r\u00f6kbe","article_publisher":"https:\/\/www.facebook.com\/zsolnaynegyed\/","article_modified_time":"2023-08-30T15:22:04+00:00","og_image":[{"url":"https:\/\/zsolnayorokbe.hu\/wp-content\/uploads\/Zsolnay_9-1030x722.jpg"}],"twitter_card":"summary_large_image","twitter_site":"@zsolnaynegyed","twitter_misc":{"Est. reading time":"11 minutes"},"schema":{"@context":"https:\/\/schema.org","@graph":[{"@type":"WebPage","@id":"https:\/\/zsolnayorokbe.hu\/en\/about-zsolnay\/","url":"https:\/\/zsolnayorokbe.hu\/en\/about-zsolnay\/","name":"About Zsolnay - Zsolnay \u00f6r\u00f6kbe","isPartOf":{"@id":"http:\/\/zsolnayorokbe.hu\/en\/#website"},"datePublished":"2015-07-16T09:12:44+00:00","dateModified":"2023-08-30T15:22:04+00:00","breadcrumb":{"@id":"https:\/\/zsolnayorokbe.hu\/en\/about-zsolnay\/#breadcrumb"},"inLanguage":"en-US","potentialAction":[{"@type":"ReadAction","target":["https:\/\/zsolnayorokbe.hu\/en\/about-zsolnay\/"]}]},{"@type":"BreadcrumbList","@id":"https:\/\/zsolnayorokbe.hu\/en\/about-zsolnay\/#breadcrumb","itemListElement":[{"@type":"ListItem","position":1,"name":"Kezd\u0151lap","item":"http:\/\/zsolnayorokbe.hu\/en\/"},{"@type":"ListItem","position":2,"name":"About Zsolnay"}]},{"@type":"WebSite","@id":"http:\/\/zsolnayorokbe.hu\/en\/#website","url":"http:\/\/zsolnayorokbe.hu\/en\/","name":"Zsolnay \u00d6r\u00f6kbe","description":"Fogadj \u00f6r\u00f6kbe egy Zsolnayt","publisher":{"@id":"http:\/\/zsolnayorokbe.hu\/en\/#organization"},"potentialAction":[{"@type":"SearchAction","target":{"@type":"EntryPoint","urlTemplate":"http:\/\/zsolnayorokbe.hu\/en\/?s={search_term_string}"},"query-input":"required name=search_term_string"}],"inLanguage":"en-US"},{"@type":"Organization","@id":"http:\/\/zsolnayorokbe.hu\/en\/#organization","name":"Zsolnay \u00d6r\u00f6ks\u00e9gkezel\u0151 NKft.","url":"http:\/\/zsolnayorokbe.hu\/en\/","logo":{"@type":"ImageObject","inLanguage":"en-US","@id":"http:\/\/zsolnayorokbe.hu\/en\/#\/schema\/logo\/image\/","url":"https:\/\/zsolnayorokbe.hu\/wp-content\/uploads\/zsokkft-szines.svg","contentUrl":"https:\/\/zsolnayorokbe.hu\/wp-content\/uploads\/zsokkft-szines.svg","width":220,"height":90,"caption":"Zsolnay \u00d6r\u00f6ks\u00e9gkezel\u0151 NKft."},"image":{"@id":"http:\/\/zsolnayorokbe.hu\/en\/#\/schema\/logo\/image\/"},"sameAs":["https:\/\/www.facebook.com\/zsolnaynegyed\/","https:\/\/twitter.com\/zsolnaynegyed","https:\/\/www.instagram.com\/zsolnay_negyed"]}]}},"_links":{"self":[{"href":"https:\/\/zsolnayorokbe.hu\/en\/wp-json\/wp\/v2\/pages\/2015","targetHints":{"allow":["GET"]}}],"collection":[{"href":"https:\/\/zsolnayorokbe.hu\/en\/wp-json\/wp\/v2\/pages"}],"about":[{"href":"https:\/\/zsolnayorokbe.hu\/en\/wp-json\/wp\/v2\/types\/page"}],"author":[{"embeddable":true,"href":"https:\/\/zsolnayorokbe.hu\/en\/wp-json\/wp\/v2\/users\/1"}],"replies":[{"embeddable":true,"href":"https:\/\/zsolnayorokbe.hu\/en\/wp-json\/wp\/v2\/comments?post=2015"}],"version-history":[{"count":1,"href":"https:\/\/zsolnayorokbe.hu\/en\/wp-json\/wp\/v2\/pages\/2015\/revisions"}],"predecessor-version":[{"id":3410,"href":"https:\/\/zsolnayorokbe.hu\/en\/wp-json\/wp\/v2\/pages\/2015\/revisions\/3410"}],"wp:attachment":[{"href":"https:\/\/zsolnayorokbe.hu\/en\/wp-json\/wp\/v2\/media?parent=2015"}],"curies":[{"name":"wp","href":"https:\/\/api.w.org\/{rel}","templated":true}]}}